{"id":2383,"date":"2013-01-16T14:50:39","date_gmt":"2013-01-16T14:50:39","guid":{"rendered":"http:\/\/www.alhosvedros.net\/sfrua\/?page_id=5"},"modified":"2026-02-07T10:52:55","modified_gmt":"2026-02-07T10:52:55","slug":"historial","status":"publish","type":"page","link":"https:\/\/www.sfrua.pt\/?page_id=2383","title":{"rendered":"Historial"},"content":{"rendered":"\r\n<div class=\"wp-block-columns is-layout-flex wp-container-core-columns-is-layout-9d6595d7 wp-block-columns-is-layout-flex\">\r\n<div class=\"wp-block-column is-layout-flow wp-block-column-is-layout-flow\" style=\"flex-basis: 100%;\">\r\n<p><img loading=\"lazy\" decoding=\"async\" class=\"aligncenter\" src=\"http:\/\/WWW.sfrua.pt\/wp-content\/uploads\/2011\/03\/logo_500x.png\" alt=\"\" width=\"141\" height=\"171\" \/><\/p>\r\n<p style=\"text-align: center;\"><strong>Sociedade Filarm\u00f3nica Recreio e Uni\u00e3o Alhosvedrense<\/strong><\/p>\r\n<div class=\"mks_separator\" style=\"border-bottom: 2px solid;\"><\/div>\r\n<p><strong><em>Sociedade Filarm\u00f3nica Recreio e Uni\u00e3o Alhosvedrense<\/em><\/strong>, foi fundada a 2 Agosto 1869 por D. Manuel de Sampayo e Castro (Conde de Sampayo) no reinado de <a href=\"https:\/\/pt.wikipedia.org\/wiki\/Lu%C3%ADs_I_de_Portugal\" target=\"_blank\" rel=\"noopener noreferrer\">D. Lu\u00eds I<\/a>, com a finalidade de<em> promover distrac\u00e7\u00f5es aos associados e fam\u00edlias, tais como jogos l\u00edcitos, reuni\u00f5es, palestras culturais, excurs\u00f5es recreativas e tur\u00edsticas bem como\u00a0 instru\u00e7\u00e3o escolar com aulas de alfabetiza\u00e7\u00e3o, m\u00fasica, dan\u00e7a, etc.<\/em><br \/>O seu nome original era Sociedade Filarm\u00f3nica Recreio e Entusiasmo entretanto alterado, de acordo com os estatutos de setembro de 1934.<\/p>\r\n<hr \/>\r\n<h1>Hist\u00f3ria<\/h1>\r\n<hr \/>\r\n<h3 id=\"toc1\">Fundadores<\/h3>\r\n<p>A sua primeira sede situou-se na rua C\u00e2ndido dos Reis e foi inaugurada a 2 de Agosto de 1871, data que marca o in\u00edcio da actividade musical da banda filarm\u00f3nica sempre impulsionada pela fam\u00edlia Sampayo. Era presidente da Direc\u00e7\u00e3o nessa altura D. Ant\u00f3nio de Sampayo Mello e Castro ( Marqu\u00eas de Sampayo), filho do fundador.<\/p>\r\n<p>Esta fam\u00edlia tinha tal amor \u00e0s artes que, al\u00e9m de comprar muito do instrumental para a banda\u00a0 musical, ainda p\u00f4s \u00e0 sua disposi\u00e7\u00e3o um barco para as suas desloca\u00e7\u00f5es. Por relato escrito sabemos, que nesse dia houve festa rija em Alhos Vedros, com muitos foguetes e anima\u00e7\u00e3o tendo-se deslocado toda a popula\u00e7\u00e3o para o cais da vila a esperar os m\u00fasicos com o maestro titular, o espanhol D. Dominguez e muitos convidados.<\/p>\r\n<h3 id=\"toc2\">PRIMEIRA METADE DO S\u00c9CULO XX<\/h3>\r\n<p>Em 1906 a banda da m\u00fasica atingiu o seu apogeu, sendo considerada nessa altura, uma das melhores bandas do pa\u00eds, qualidade que manteve durante alguns anos.<\/p>\r\n<p>Em 1920, por subscri\u00e7\u00e3o popular, foi constru\u00eddo o Coreto na Pra\u00e7a da Rep\u00fablica, o que contribuiu para aumentar a audi\u00eancia \u00e0s actua\u00e7\u00f5es da Banda.\u00a0Nessa altura a Colectividade come\u00e7a a projectar-se no campo cultural, sendo de\u00a0 assinalar os grandes la\u00e7os de amizade que se come\u00e7aram a desenvolver com outras colectividades cong\u00e9neres.<\/p>\r\n<p>A 30 de mar\u00e7o de 1929 a sede da colectividade passa para a Rua\u00a0 5 de Outubro, tendo-se comprado nesta altura o terreno onde est\u00e3o as actuais instala\u00e7\u00f5es. Era Presidente da Direc\u00e7\u00e3o o Sr. Lu\u00eds da Costa; vice-presidente, o Sr. Jos\u00e9 Jorge e como Tesoureiro Sr. Jo\u00e3o Pereira D\u00e2maso.<\/p>\r\n<p>Em 2 de Agosto de 1932, inaugurou-se o edif\u00edcio que agora foi aumentado e modificado, constando a sala de espect\u00e1culos, palco, biblioteca, etc., tendo sido seus principais obreiros os Srs. Pedro de Aquino, Manuel Aquino, Virg\u00edlio Pereira, Jo\u00e3o Marques Estaca e Francisco Ribeiro.<\/p>\r\n<p>Em setembro de 1934 s\u00e3o alterados os estatutos e o nome original &#8220;Sociedade Filarm\u00f3nica Recreio e Entusiasmo&#8221; \u00e9 alterado para o ainda atual &#8220;Sociedade Filarm\u00f3nica Recreio e Uni\u00e3o Alhosvedrense&#8221;.<\/p>\r\n<p>Em 1945 estas instala\u00e7\u00f5es j\u00e1 eram insuficientes, tendo-se ampliado nessa altura a sede com um bar, sala de jogos, gabinete de direc\u00e7\u00e3o, sala de ensaios e instala\u00e7\u00f5es sanit\u00e1rias.<\/p>\r\n<h3 id=\"toc3\">SEGUNDA METADE DO S\u00c9CULO XX<\/h3>\r\n<p>A partir da d\u00e9cada de 50 come\u00e7a a sentir-se a necessidade de fomentar a pr\u00e1tica desportiva dos associados e familiares. Assim lan\u00e7a-se a constru\u00e7\u00e3o\u00a0 do pavilh\u00e3o gimnodesportivo que \u00e9 inaugurado a 19 de Outubro de 1974.<\/p>\r\n<p>Como a obra \u00e9 imensa e n\u00e3o h\u00e1 capacidade para construir todo o projecto, edificam-se as instala\u00e7\u00f5es destinadas \u00e0 parte antiga que fica a funcionar s\u00f3 como Bar e Biblioteca. Assim, foi preciso muita coragem para na altura, a Direc\u00e7\u00e3o\u00a0 e a comiss\u00e3o de obras, com pouco dinheiro come\u00e7arem uma obra de tal envergadura. Mas sem coragem, optimismo e confian\u00e7a no futuro as Colectividades, e em particular a S.F.R.U.A, nada eram.<\/p>\r\n<p>Em 1956 realizaram-se os primeiros jogos florais, cujos pr\u00e9mios foram entregues no dia das comemora\u00e7\u00f5es do 87\u00ba anivers\u00e1rio. <a href=\"http:\/\/sfrua.pt\/wp-content\/uploads\/2020\/05\/1956.09.06-a-provincia.pdf\">Ver not\u00edcia no Seman\u00e1rio A Prov\u00edncia de 1956.09.06<\/a><\/p>\r\n<p>Relativamente \u00e0 Biblioteca, segundo Fernando Rosa em 1965 estavam catalogadas perto de 2500 obras, consultadas por mais de 800 leitores activos entre os cerca de um milhar\u00a0 de associados.<\/p>\r\n<p>A partir de 1974 passam-se a poder praticar diversas modalidades desportivas, entre elas , gin\u00e1stica, patinagem, Basket, futebol sal\u00e3o, voleibol, karat\u00e9, h\u00f3quei, badminton, etc., e diversas actividades culturais, como espect\u00e1culos\u00a0 de variedades, bailes, teatro, etc., chegando-se a ter 1200 atletas a praticar as diversas modalidades desportivas.<\/p>\r\n<p>A Direc\u00e7\u00e3o de 1987 liderada por Ant\u00f3nio Rato retoma o projecto da 2\u00aa fase da sede e com o apoio da direc\u00e7\u00e3o Geral do Ordenamento do territ\u00f3rio, consegue-se que seja inscrito em PIDDAC, obtendo-se assim parte do financiamento para a constru\u00e7\u00e3o.<\/p>\r\n<p>Tendo a C\u00e2mara Municipal da Moita exigido a manuten\u00e7\u00e3o da tra\u00e7a arquitect\u00f3nica do edif\u00edcio, n\u00e3o aprova o projecto existente. Como factor determinante no novo estudo a apresentar, a direc\u00e7\u00e3o de 1988 (Presidente: Rui Joaquim Rosa Madeira), contrata um gabinete de arquitectura que elabora o projecto do edif\u00edcio actual.<\/p>\r\n<p>A direc\u00e7\u00e3o de 1990, ( Presidente: Jo\u00e3o Correia da Cruz), lan\u00e7a a obra, que come\u00e7a a 2 de Abril de 1990.\u00a0Com instala\u00e7\u00f5es dignas e pr\u00f3prias para poder desenvolver ainda mais\u00a0 toda a sua capacidade no campo cultural e desportivo, adaptando-se aos interesses e car\u00eancias dos s\u00f3cios em particular, e da popula\u00e7\u00e3o em geral.<\/p>\r\n<p>O 1\u00ba corso de Carnaval em Alhos Vedros saiu \u00e0 rua em 1991, com recurso \u00e0 \u201cprata da casa\u201d. Sem tema definido, as modalidades da SFRUA e a participa\u00e7\u00e3o de outras colectividades da freguesia deram o mote ao desfile. A prepara\u00e7\u00e3o do corso come\u00e7ou em 1990 com V\u00edtor Cabral (na altura vice-presidente da SFRUA), Vivelinda Sousa, Vladimiro Sousa e Jo\u00e3o Sequeira dos Santos que formaram a 1\u00aa comiss\u00e3o.<\/p>\r\n<h2 id=\"toc4\">Inaugura\u00e7\u00e3o da sede social<\/h2>\r\n<p>Em 12 de Setembro de 1993 a Colectividade tem a honra de receber Sua Ex\u00aa o Primeiro Ministro, Prof. Dr. An\u00edbal Cavaco Silva, que inaugurou a obra conclu\u00edda.<br \/>N\u00e3o podemos esquecer o Sr. Dr. Nunes Liberato, que com a sua presen\u00e7a na inaugura\u00e7\u00e3o da nova sede viu assim terminado um projecto ambicioso onde ele pr\u00f3prio se empenhou afincadamente, quando exercia o cargo de secret\u00e1rio de estado da Administra\u00e7\u00e3o Local e ordenamento do territ\u00f3rio.<\/p>\r\n<h2 id=\"toc5\">Medalha de M\u00e9rito<\/h2>\r\n<p>Em 5 de Fevereiro de 1993 a S.F.R.U.A.\u00a0 tem a honra de receber de Sua Exa. o Sr. Presidente da Rep\u00fablica Dr. M\u00e1rio Soares, no \u00e2mbito da presid\u00eancia aberta, com\u00a0 a Ordem de M\u00e9rito. Esta distin\u00e7\u00e3o \u00e9 sem d\u00favida um marco hist\u00f3rico para a S.F.R.U.A e um reconhecimento \u00e0 sua nobre causa.<\/p>\r\n<h2 id=\"toc6\">Medalha de Honra do Munic\u00edpio<\/h2>\r\n<p>A 30 de Setembro de 1994, a S.F.R.U.A. v\u00ea reconhecido a n\u00edvel concelhio o trabalho desenvolvido pelas v\u00e1rias direc\u00e7\u00f5es, com a atribui\u00e7\u00e3o da medalha de honra do munic\u00edpio pela C\u00e2mara Municipal da Moita.<\/p>\r\n<p>&nbsp;<\/p>\r\n<div class=\"mks_separator\" style=\"border-bottom: 2px solid;\"><\/div>\r\n<h3><strong>UTILIDADE P\u00daBLICA<\/strong><\/h3>\r\n<p style=\"text-align: left;\"><strong>Sociedade Filarm\u00f3nica Recreio e Uni\u00e3o Alhosvedrense<\/strong><br \/>Entidade de Utilidade P\u00fablica<br \/>Despacho de 13-07-1982<br \/>Publicado no\u00a0 D.R. , II S\u00e9rie, de 23-07-1982<\/p>\r\n<p style=\"text-align: left;\" align=\"center\">Utilidade P\u00fablica &#8211; O que significa?<br \/>S\u00e3o pessoas colectivas de utilidade p\u00fablica as associa\u00e7\u00f5es ou funda\u00e7\u00f5es que prossigam fins de interesse geral, ou da comunidade nacional ou de qualquer regi\u00e3o ou circunscri\u00e7\u00e3o, cooperando com a Administra\u00e7\u00e3o Central ou a Administra\u00e7\u00e3o Local, em termos de merecerem da parte desta administra\u00e7\u00e3o a declara\u00e7\u00e3o de \u00abutilidade p\u00fablica\u00bb\u201d (n.\u00ba 1 do art.\u00ba 1\u00ba do <a href=\"http:\/\/www.idesporto.pt\/DATA\/DOCS\/LEGISLACAO\/Doc023.pdf\" target=\"_blank\" rel=\"noopener noreferrer\">DL 460\/77, de 7 de Novembro<\/a>).<\/p>\r\n<p style=\"text-align: left;\" align=\"center\">A declara\u00e7\u00e3o de utilidade p\u00fablica \u00e9 da compet\u00eancia de S. Exa. o Primeiro-Ministro sendo objecto de despacho publicado no Di\u00e1rio da Rep\u00fablica (II S\u00e9rie). <a href=\"http:\/\/sfrua.pt\/wp-content\/uploads\/2020\/05\/710589.pdf\">Ver PDF<\/a><\/p>\r\n<div class=\"mks_separator\" style=\"border-bottom: 2px solid;\"><\/div>\r\n<p><strong>Mais informa\u00e7\u00e3o<\/strong><\/p>\r\n<p>Para consultar mais informa\u00e7\u00e3o sobre a SFRUA, recomendamos a &#8220;Monografia do Movimento Associativo do Mun\u00edcipio da Moita de V\u00edtor Pereira Mendes&#8221; (PDF)\u00a0<a href=\"http:\/\/sfrua.pt\/wp-content\/uploads\/2010\/09\/SFRUA_Monografia_VPM.pdf.pdf\">Clique aqui<\/a><\/p>\r\n<p>Mais informa\u00e7\u00e3o sobre o nosso edif\u00edcio, como muito detalhe:<br \/>Ana Mehnert Pascoal para Arquitectura Aqui (2026) <i class=\"quote-name\">Edif\u00edcio da Sociedade Filarm\u00f3nica Recreio e Uni\u00e3o Alhosvedrense, Alhos Vedros, Moita<\/i>. Acedido em 07\/02\/2026, em <a href=\"https:\/\/arquitecturaaqui.eu\/pt\/obras\/66041\/edificio-da-sociedade-filarmonica-recreio-e-uniao-alhosvedrense-alhos-vedros-moita\">https:\/\/arquitecturaaqui.eu\/pt\/obras\/66041\/edificio-da-sociedade-filarmonica-recreio-e-uniao-alhosvedrense-alhos-vedros-moita<\/a><\/p>\r\n<p>&nbsp;<\/p>\r\n<p>&nbsp;<\/p>\r\n<p style=\"text-align: right;\"><em>\u00daltima actualiza\u00e7\u00e3o: 07\/02\/2026<\/em><\/p>\r\n\r\n\r\n<\/div>\r\n<\/div>\r\n","protected":false},"excerpt":{"rendered":"<p>Sociedade Filarm\u00f3nica Recreio e Uni\u00e3o Alhosvedrense Sociedade Filarm\u00f3nica Recreio e Uni\u00e3o Alhosvedrense, foi fundada a 2 Agosto 1869 por D. Manuel de Sampayo e Castro (Conde de Sampayo) no reinado de D. Lu\u00eds I, com a finalidade de promover distrac\u00e7\u00f5es aos associados e fam\u00edlias, tais como jogos l\u00edcitos, reuni\u00f5es, palestras culturais, excurs\u00f5es recreativas e tur\u00edsticas [&hellip;]<\/p>\n","protected":false},"author":1,"featured_media":0,"parent":0,"menu_order":0,"comment_status":"open","ping_status":"open","template":"","meta":{"footnotes":""},"class_list":["post-2383","page","type-page","status-publish","hentry"],"_links":{"self":[{"href":"https:\/\/www.sfrua.pt\/index.php?rest_route=\/wp\/v2\/pages\/2383","targetHints":{"allow":["GET"]}}],"collection":[{"href":"https:\/\/www.sfrua.pt\/index.php?rest_route=\/wp\/v2\/pages"}],"about":[{"href":"https:\/\/www.sfrua.pt\/index.php?rest_route=\/wp\/v2\/types\/page"}],"author":[{"embeddable":true,"href":"https:\/\/www.sfrua.pt\/index.php?rest_route=\/wp\/v2\/users\/1"}],"replies":[{"embeddable":true,"href":"https:\/\/www.sfrua.pt\/index.php?rest_route=%2Fwp%2Fv2%2Fcomments&post=2383"}],"version-history":[{"count":2,"href":"https:\/\/www.sfrua.pt\/index.php?rest_route=\/wp\/v2\/pages\/2383\/revisions"}],"predecessor-version":[{"id":10750,"href":"https:\/\/www.sfrua.pt\/index.php?rest_route=\/wp\/v2\/pages\/2383\/revisions\/10750"}],"wp:attachment":[{"href":"https:\/\/www.sfrua.pt\/index.php?rest_route=%2Fwp%2Fv2%2Fmedia&parent=2383"}],"curies":[{"name":"wp","href":"https:\/\/api.w.org\/{rel}","templated":true}]}}