{"id":4821,"date":"2016-02-02T16:35:15","date_gmt":"2016-02-02T15:35:15","guid":{"rendered":"http:\/\/sfrua.pt\/?page_id=4821"},"modified":"2016-02-02T16:35:15","modified_gmt":"2016-02-02T15:35:15","slug":"teatro","status":"publish","type":"page","link":"https:\/\/www.sfrua.pt\/?page_id=4821","title":{"rendered":"TEATRO"},"content":{"rendered":"<h3 style=\"text-align: right;\"><strong><a href=\"http:\/\/sfrua.pt\/?cat=20\">ARQUIVO<\/a><\/strong><\/h3>\n<p style=\"text-align: right;\">(Clicar em &#8220;<a href=\"http:\/\/sfrua.pt\/?cat=20\">ARQUIVO<\/a>&#8221; para ver fotos, v\u00eddeos, not\u00edcias, por ordem cronol\u00f3gica)<\/p>\n<hr \/>\n<p>O Teatro como atividade na SFRUA, est\u00e1 atualmente inativo. Se estiver interessado em\u00a0colaborar contacte-nos <a href=\"http:\/\/sfrua.pt\/?page_id=9\">aqui<\/a><\/p>\n","protected":false},"excerpt":{"rendered":"<p>ARQUIVO (Clicar em &#8220;ARQUIVO&#8221; para ver fotos, v\u00eddeos, not\u00edcias, por ordem cronol\u00f3gica) O Teatro como atividade na SFRUA, est\u00e1 atualmente inativo. Se estiver interessado em\u00a0colaborar contacte-nos aqui<\/p>\n","protected":false},"author":1,"featured_media":0,"parent":0,"menu_order":0,"comment_status":"closed","ping_status":"closed","template":"","meta":{"footnotes":""},"class_list":["post-4821","page","type-page","status-publish","hentry"],"_links":{"self":[{"href":"https:\/\/www.sfrua.pt\/index.php?rest_route=\/wp\/v2\/pages\/4821","targetHints":{"allow":["GET"]}}],"collection":[{"href":"https:\/\/www.sfrua.pt\/index.php?rest_route=\/wp\/v2\/pages"}],"about":[{"href":"https:\/\/www.sfrua.pt\/index.php?rest_route=\/wp\/v2\/types\/page"}],"author":[{"embeddable":true,"href":"https:\/\/www.sfrua.pt\/index.php?rest_route=\/wp\/v2\/users\/1"}],"replies":[{"embeddable":true,"href":"https:\/\/www.sfrua.pt\/index.php?rest_route=%2Fwp%2Fv2%2Fcomments&post=4821"}],"version-history":[{"count":0,"href":"https:\/\/www.sfrua.pt\/index.php?rest_route=\/wp\/v2\/pages\/4821\/revisions"}],"wp:attachment":[{"href":"https:\/\/www.sfrua.pt\/index.php?rest_route=%2Fwp%2Fv2%2Fmedia&parent=4821"}],"curies":[{"name":"wp","href":"https:\/\/api.w.org\/{rel}","templated":true}]}}