{"id":70,"date":"2014-10-03T00:00:53","date_gmt":"2014-10-02T23:00:53","guid":{"rendered":"http:\/\/www.alhosvedros.net\/sfrua\/?page_id=7"},"modified":"2025-05-17T04:44:59","modified_gmt":"2025-05-17T04:44:59","slug":"orgaos-sociais","status":"publish","type":"page","link":"https:\/\/www.sfrua.pt\/?page_id=70","title":{"rendered":"\u00d3rg\u00e3os Sociais"},"content":{"rendered":"<h3>\u00d3RG\u00c3OS SOCIAIS 2025-2027<\/h3>\n<p><img loading=\"lazy\" decoding=\"async\" class=\"alignnone size-full wp-image-9289\" src=\"https:\/\/www.sfrua.pt\/wp-content\/uploads\/2024\/07\/emblema-sfrua-100x-transparente.png\" alt=\"\" width=\"100\" height=\"108\" \/><\/p>\n<h3><strong>MESA DA ASSEMBLEIA GERAL<\/strong><\/h3>\n<p>PRESIDENTE Fernando Ferreira Dinis 491<br \/>\nVICE-PRESIDENTE Jos\u00e9 Bento Martins Estrela 658<br \/>\n1\u00ba SECRET\u00c1RIO Rui Pedro Cardoso Vieira 729<br \/>\n2\u00ba SECRET\u00c1RIO Lu\u00eds Manuel Guerreiro Nobre 442<\/p>\n<h3><strong>DIRE\u00c7\u00c3O<\/strong><\/h3>\n<p>PRESIDENTE Maria Soledade Oliveira M. S. Faquinha 726<br \/>\nVICE-PRESIDENTE Dina Isabel Rosado Louren\u00e7o 923<br \/>\nVICE-PRESIDENTE Fernando Marques Machado 819<br \/>\nTESOUREIRO Jos\u00e9 da Concei\u00e7\u00e3o Louren\u00e7o 257<br \/>\nSECRETARIO Paula Alexandra F. Pan\u00f3ias Tadeu 1156<br \/>\nVOGAL Lu\u00eds Filipe de Sousa Gaspar 371<br \/>\nVOGAL Vit\u00e1lia Maria Almeida Mendes 1068<br \/>\nVOGAL Teresa Isabel Santos P. G. M. Machado 1342<br \/>\nVOGAL Eva Louren\u00e7o Bacalhau 1344<\/p>\n<h3><strong>CONSELHO FISCAL<\/strong><\/h3>\n<p>PRESIDENTE N\u00eddia Alexandra B. Silva Horta 960<br \/>\nSECRET\u00c1RIO Gra\u00e7a Maria Guerreiro Jorge Nobre 1067<br \/>\nRELACTOR \u00c9lia Cristina B\u00e1rbara Dinis 1066<\/p>\n<h3>\u00a0<div class=\"mks_separator\" style=\"border-bottom: 2px solid;\"><\/div><\/h3>\n<p>&nbsp;<\/p>\n<div>\n<div>\n<h3>\u00d3RG\u00c3OS SOCIAIS 2023-2025<\/h3>\n<p><img loading=\"lazy\" decoding=\"async\" class=\"alignnone size-full wp-image-9289\" src=\"https:\/\/www.sfrua.pt\/wp-content\/uploads\/2024\/07\/emblema-sfrua-100x-transparente.png\" alt=\"\" width=\"100\" height=\"108\" \/><\/p>\n<h3><strong>MESA DA ASSEMBLEIA GERAL<\/strong><\/h3>\n<p>PRESIDENTE Maria Soledade Oliveira M. S. Faquinha 726<br \/>\nVICE-PRESIDENTE Lu\u00eds Manuel Guerreiro Nobre 442<br \/>\n1\u00ba SECRET\u00c1RIO Fernando Ferreira Dinis 491<br \/>\n2\u00ba SECRET\u00c1RIO Soraia Cristina Caba\u00e7o Gueif\u00e3o 1011<\/p>\n<h3><strong>DIRE\u00c7\u00c3O<\/strong><\/h3>\n<p>PRESIDENTE Jos\u00e9 Bento Martins Estrela 658<br \/>\nVICE-PRESIDENTE Dina Isabel Rosado Louren\u00e7o 923<br \/>\nVICE-PRESIDENTE Fernando Marques Machado 819<br \/>\nTESOUREIRO Jos\u00e9 da Concei\u00e7\u00e3o Louren\u00e7o 257<br \/>\nSECRETARIO Lu\u00eds Filipe de Sousa Gaspar 371<br \/>\nVOGAL Carlos Nuno Gon\u00e7alves Pereira 810<br \/>\nVOGAL Teresa Isabel Santos P. G. M. Machado 1342<br \/>\nVOGAL Jo\u00e3o Manuel de Almeida Alves 804<br \/>\nVOGAL Jorge Fernando Costa Brito 648<br \/>\nVOGAL Vit\u00e1lia Maria Almeida Mendes 1068<br \/>\nVOGAL Eva Louren\u00e7o Bacalhau 1344<br \/>\nVOGAL N\u00eddia Alexandra B. Silva Horta 960<br \/>\nVOGAL In\u00eas Sofia Pinho Filipe 1070<\/p>\n<h3><strong>CONSELHO FISCAL<\/strong><\/h3>\n<p>PRESIDENTE Rui Jorge Lopes Antunes 632<br \/>\nSECRET\u00c1RIO Gra\u00e7a Maria Guerreiro Jorge Nobre 1067<br \/>\nRELACTOR \u00c9lia Cristina B\u00e1rbara Dinis 1066<\/p>\n<h3>\u00a0<div class=\"mks_separator\" style=\"border-bottom: 2px solid;\"><\/div><\/h3>\n<\/div>\n<p>&nbsp;<\/p>\n<div>\n<h3><\/h3>\n<\/div>\n<h3><\/h3>\n<h3>\u00d3RG\u00c3OS SOCIAIS\u00a02021-2023<\/h3>\n<p><img loading=\"lazy\" decoding=\"async\" class=\"alignnone size-full wp-image-9289\" src=\"https:\/\/www.sfrua.pt\/wp-content\/uploads\/2024\/07\/emblema-sfrua-100x-transparente.png\" alt=\"\" width=\"100\" height=\"108\" \/><\/p>\n<h3><strong>MESA DA ASSEMBLEIA GERAL<\/strong><\/h3>\n<p>PRESIDENTE Maria Soledade Oliveira M. S. Faquinha 726<br \/>\nVICE-PRESIDENTE Vit\u00e1lia Maria Almeida Mendes 1068<br \/>\n1\u00ba SECRET\u00c1RIO Fernando Ferreira Dinis 491<br \/>\n2\u00ba SECRET\u00c1RIO Soraia Cristina Caba\u00e7o Gueif\u00e3o 1011<\/p>\n<h3><strong>DIRE\u00c7\u00c3O<\/strong><\/h3>\n<p>PRESIDENTE Jos\u00e9 Bento Martins Estrela 658<br \/>\nVICE-PRESIDENTE Dina Isabel Rosado Louren\u00e7o 923<br \/>\nVICE-PRESIDENTE Fernando Marques Machado 819<br \/>\nTESOUREIRO Jos\u00e9 da Concei\u00e7\u00e3o Louren\u00e7o 257<br \/>\nSECRETARIO Bruno Miguel Soares Marques 1301<br \/>\nVOGAL Carlos Nuno Gon\u00e7alves Pereira 810<br \/>\nVOGAL Teresa Isabel santos P. G. M. Machado 1342<br \/>\nVOGAL Jo\u00e3o Manuel de Almeida Alves 804<br \/>\nVOGAL Rui Jorge Lopes Antunes 632<br \/>\nVOGAL \u00c9lia Cristina B\u00e1rbara Dinis 1066<br \/>\nVOGAL Ana Filipa da Silva Pardal F. Contente 1226<br \/>\nVOGAL Rui Pedro Cardoso Vieira 729<br \/>\nVOGAL Jorge Fernando Costa Brito 648<\/p>\n<h3><strong>CONSELHO FISCAL<\/strong><\/h3>\n<p>PRESIDENTE N\u00eddia Alexandra B. Silva Horta 960<br \/>\nSECRET\u00c1RIO Lu\u00eds Filipe de Sousa Gaspar 371<br \/>\nRELACTOR In\u00eas Sofia Pinho Filipe 1070<\/p>\n<h3>\u00a0<div class=\"mks_separator\" style=\"border-bottom: 2px solid;\"><\/div><\/h3>\n<\/div>\n<p>&nbsp;<\/p>\n<div>\n<h3>\u00d3RG\u00c3OS SOCIAIS\u00a02019-2021<\/h3>\n<p><img loading=\"lazy\" decoding=\"async\" class=\"alignnone size-full wp-image-9289\" src=\"https:\/\/www.sfrua.pt\/wp-content\/uploads\/2024\/07\/emblema-sfrua-100x-transparente.png\" alt=\"\" width=\"100\" height=\"108\" \/><\/p>\n<h3><strong>MESA DA ASSEMBLEIA GERAL<\/strong><\/h3>\n<p>PRESIDENTE \u2013 Maria Soledade Oliveira M. S. Faquinha<br \/>\nVICE-PRESIDENTE \u2013 Vit\u00e1lia Maria Almeida Mendes<br \/>\n1\u00ba SECRET\u00c1RIO \u2013 Fernando Ferreira Dinis<br \/>\n2\u00ba SECRET\u00c1RIO \u2013 Soraia Cristina Caba\u00e7o Gueif\u00e3o<\/p>\n<h3><strong>DIRE\u00c7\u00c3O<\/strong><\/h3>\n<p>PRESIDENTE \u2013 Jos\u00e9 Bento Martins Estrela<br \/>\nVICE-PRESIDENTE \u2013 Dina Isabel Rosado Louren\u00e7o<br \/>\nVICE-PRESIDENTE \u2013 Fernando Marques Machado<br \/>\nTESOUREIRO \u2013 Jos\u00e9 da Concei\u00e7\u00e3o Louren\u00e7o<br \/>\nSECRET\u00c1RIO \u2013 Bruno Miguel Soares Marques<br \/>\nVOGAL \u2013 Carlos Nuno Gon\u00e7alves Pereira<br \/>\nVOGAL \u2013 Teresa Isabel Santos Palma Guia Martins Machado<br \/>\nVOGAL \u2013 Jo\u00e3o Manuel de Almeida Alves<br \/>\nVOGAL \u2013 Rui Jorge Antunes<br \/>\nVOGAL \u2013 \u00c9lia Cristina Barbara Dinis<br \/>\nVOGAL \u2013 Ana Filipa da Silva Pardal Fernandes Contente<br \/>\nVOGAL \u2013 Rui Pedro Cardoso Vieira<br \/>\nVOGAL \u2013 Jorge Fernando Costa Brito<\/p>\n<h3><strong>CONSELHO FISCAL<\/strong><\/h3>\n<p>PRESIDENTE \u2013 N\u00eddia Alexandra B. Silva Horta<br \/>\nRELATOR \u2013 In\u00eas Sofia Pinho Filipe<br \/>\nSECRET\u00c1RIO \u2013 Lu\u00eds Filipe de Sousa Gaspar<\/p>\n<\/div>\n<h3><\/h3>\n<div>\n<h3>\u00a0<div class=\"mks_separator\" style=\"border-bottom: 2px solid;\"><\/div><\/h3>\n<\/div>\n<p>&nbsp;<\/p>\n<h3>\u00d3RG\u00c3OS SOCIAIS 2017-2019<\/h3>\n<p>&nbsp;<\/p>\n<div>\n<h3><img loading=\"lazy\" decoding=\"async\" class=\"alignnone size-full wp-image-9289\" src=\"https:\/\/www.sfrua.pt\/wp-content\/uploads\/2024\/07\/emblema-sfrua-100x-transparente.png\" alt=\"\" width=\"100\" height=\"108\" \/><\/h3>\n<h3>MESA DA ASSEMBLEIA GERAL<\/h3>\n<p>PRESIDENTE &#8211; Carlos de Almeida Ribeiro<br \/>\nVICE-PRESIDENTE &#8211; Maria Soledade Oliveira M. S. Faquinha<br \/>\n1\u00ba SECRET\u00c1RIO &#8211; Jos\u00e9 da Concei\u00e7\u00e3o Louren\u00e7o<br \/>\n2\u00ba SECRET\u00c1RIO &#8211; Vit\u00e1lia Maria Almeida Mendes<\/p>\n<h3>DIRE\u00c7\u00c3O<\/h3>\n<p>PRESIDENTE &#8211; Jos\u00e9 Bento Martins Estrela<br \/>\nVICE-PRESIDENTE &#8211; Dina Isabel Rosado Louren\u00e7o<br \/>\nVICE-PRESIDENTE &#8211; Fernando Marques Machado<br \/>\nTESOUREIRO &#8211; Fernando Ferreira Dinis<br \/>\nSECRET\u00c1RIO &#8211; Ana Isabel de Paula Tavares<br \/>\nVOGAL &#8211; Carlos Nuno Gon\u00e7alves Pereira<br \/>\nVOGAL &#8211; Paulo Jorge Morais Machado<br \/>\nVOGAL &#8211; Jo\u00e3o Manuel de Almeida Alves<br \/>\nVOGAL &#8211; Ant\u00f3nio de Sousa Castanheira<br \/>\nVOGAL &#8211; \u00c9lia Cristina Barbara Dinis<br \/>\nVOGAL &#8211; Ana Filipa S. Pardal F. Contente<br \/>\nVOGAL &#8211; Vanda Carina Alves Garcia<br \/>\nVOGAL &#8211; Maria do Ros\u00e1rio P. R. C. Neto<\/p>\n<h3>CONSELHO FISCAL<\/h3>\n<p>PRESIDENTE &#8211; N\u00eddia Alexandra B. Silva Horta<br \/>\nRELATOR &#8211; In\u00eas Sofia Pinho Filipe<br \/>\nSECRET\u00c1RIO &#8211; Rui Pedro Cardoso Vieira<\/p>\n<p>&nbsp;<\/p>\n<h3>\u00a0<div class=\"mks_separator\" style=\"border-bottom: 2px solid;\"><\/div><\/h3>\n<\/div>\n<p>&nbsp;<\/p>\n<div>\n<h3>\u00d3RG\u00c3OS SOCIAIS &#8211;\u00a02014-2016<\/h3>\n<h3><img loading=\"lazy\" decoding=\"async\" class=\"alignnone size-full wp-image-9289\" src=\"https:\/\/www.sfrua.pt\/wp-content\/uploads\/2024\/07\/emblema-sfrua-100x-transparente.png\" alt=\"\" width=\"100\" height=\"108\" \/><\/h3>\n<h3><strong>MESA DA ASSEMBLEIA GERAL<\/strong><\/h3>\n<p>Presidente &#8211; Carlos de Almeida Ribeiro<br \/>\nVice-Presidente &#8211; Maria Soledade Oliveira M. S. Faquinha<br \/>\n1\u00ba Secret\u00e1rio &#8211; Fernando Ferreira Dinis<br \/>\n2\u00ba Secret\u00e1rio &#8211; Jo\u00e3o Paulo C. Bacalhau<\/p>\n<h3><strong>DIRE\u00c7\u00c3O<\/strong><\/h3>\n<p>Presidente &#8211; Jos\u00e9 Bento Martins Estrela<br \/>\nVice-Presidente &#8211; Carlos Nuno Gon\u00e7alves Pereira<br \/>\nVice-presidente &#8211; Francisco da Concei\u00e7\u00e3o Feio<br \/>\nTesoureiro &#8211; Jos\u00e9 Dimas de Carvalho Soeiro<br \/>\nSecret\u00e1rio &#8211; In\u00eas Filipa Pereira Pais<br \/>\nVogal &#8211; Paulo Jorge Morais Machado<br \/>\nVogal &#8211; Jo\u00e3o Manuel de Almeida Alves<br \/>\nVogal &#8211; Ant\u00f3nio de Sousa Castanheira<br \/>\nVogal &#8211; Dina Isabel Rosado Loren\u00e7o<br \/>\nVogal &#8211; \u00c9lia Cristina Martins V. B. Dinis<br \/>\nVogal &#8211; C\u00e9sar Manuel Rosa Gomes<br \/>\nVogal &#8211; Jorge Guilherme de Almeida<br \/>\nVogal &#8211; Ant\u00f3nio Policarpo Brito Luz<br \/>\nVogal &#8211; Marco Manuel Carvalho Lago<\/p>\n<h3>CONSELHO FISCAL<\/h3>\n<p>Presidente- L\u00eddio Manuel Sim\u00f5es Faquinha<br \/>\nSecret\u00e1rio- Rui Pedro Cardoso Vieira<br \/>\nRelator- \u00c1lvaro Paisana Gueif\u00e3o<\/p>\n<h3><\/h3>\n<h3><\/h3>\n<h3><div class=\"mks_separator\" style=\"border-bottom: 2px solid;\"><\/div><\/h3>\n<hr \/>\n<h3><\/h3>\n<p>&nbsp;<\/p>\n<h3><span style=\"text-decoration: underline;\"><span style=\"font-family: Verdana; color: #000000;\">ORG\u00c3OS SOCIAIS 2011<br \/>\n<\/span><\/span><\/h3>\n<p><img loading=\"lazy\" decoding=\"async\" class=\"alignnone size-full wp-image-9289\" src=\"https:\/\/www.sfrua.pt\/wp-content\/uploads\/2024\/07\/emblema-sfrua-100x-transparente.png\" alt=\"\" width=\"100\" height=\"108\" \/><\/p>\n<h3>MESA DA ASSEMBLEIA GERAL<\/h3>\n<p>PRESIDENTE &#8211; Lu\u00eds Filipe Almeida Gomes, 280<br \/>\nVICE-PRESIDENTE &#8211; Carlos de Almeida Ribeiro, 294<br \/>\n1\u00ba SECRET\u00c1RIO &#8211; Paula Alexandra F. Pan\u00f3ias Tadeu, 1156<br \/>\n2\u00ba SECRET\u00c1RIO &#8211; Jos\u00e9 Augusto Ribeiro Moura, 945<\/p>\n<h3>DIREC\u00c7\u00c3O<\/h3>\n<p>PRESIDENTE &#8211; Jos\u00e9 Bento Martins Estrela, 1243<br \/>\nVICE-PRESIDENTE &#8211; Francisco da Concei\u00e7\u00e3o Feio, 546<br \/>\nTESOUREIRO &#8211; Vladimiro Manuel Ramos de Sousa, 215<br \/>\nSECRETARIO &#8211; Susana Cam\u00f5es Guerreiro Cunha, 1720<\/p>\n<p>VOGAL &#8211; Am\u00e9rico Manuel Santos Marques, 993<br \/>\nVOGAL &#8211; Carlos Manuel Santos da Silva, 1118<br \/>\nVOGAL &#8211; Carlos Nuno Gon\u00e7alves Pereira, 1471<br \/>\nVOGAL &#8211; Jo\u00e3o Manuel de Almeida Alves, 1449<br \/>\nVOGAL &#8211; Ant\u00f3nio de Sousa Castanheira, 853<br \/>\nVOGAL &#8211; Cla\u00fadio Emanuel Ramos Neves, 1185<br \/>\nVOGAL &#8211; C\u00e2ndido Hermenegildo C. Dias Pereira, 474<br \/>\nVOGAL &#8211; Marco Ant\u00f3nio Rodrigues Mina, 1373<br \/>\nVOGAL &#8211; Paulo Jorge Morais Machado, 1528<\/p>\n<h3>CONSELHO FISCAL<\/h3>\n<p>PRESIDENTE &#8211; L\u00eddio Manuel Sim\u00f5es Faquinha, 279<br \/>\nSECRET\u00c1RIO &#8211; Rui Pedro Cardoso Vieira, 1202<br \/>\nRELACTOR &#8211; Jos\u00e9 Carlos Moreira de Sousa Be\u00e7a, 1690<\/p>\n<p>&nbsp;<\/p>\n<hr \/>\n<h3><div class=\"mks_separator\" style=\"border-bottom: 2px solid;\"><\/div><\/h3>\n<p>&nbsp;<\/p>\n<h3><strong>ORG\u00c3OS SOCIAIS &#8211; 2010<\/strong><\/h3>\n<\/div>\n<p><img loading=\"lazy\" decoding=\"async\" class=\"alignnone size-full wp-image-9289\" src=\"https:\/\/www.sfrua.pt\/wp-content\/uploads\/2024\/07\/emblema-sfrua-100x-transparente.png\" alt=\"\" width=\"100\" height=\"108\" \/><\/p>\n<h3><span style=\"font-family: Verdana; color: #000000; font-size: small;\">MESA DA ASSEMBLEIA GERAL<\/span><\/h3>\n<p>PRESIDENTE Carlos de Almeida Ribeiro 347<br \/>\nVICE-PRESIDENTE Lu\u00eds Marques Gomes 329<br \/>\n1\u00ba SECRET\u00c1RIO Paulo Domingos Gon\u00e7alves Rodrigues 1406<br \/>\n2\u00ba SECRET\u00c1RIO Joaquim Fernando Bugio Angelino 231<\/p>\n<h3><span style=\"font-family: Verdana; color: #000000; font-size: small;\">DIREC\u00c7\u00c3O<\/span><\/h3>\n<p>PRESIDENTE C\u00e2ndido Hermenegildo C. Dias Pereira 552<br \/>\nVICE-PRESIDENTE Jos\u00e9 Ant\u00f3nio Caeiro Ferreira 737<br \/>\nTESOUREIRO Vladimiro Manuel Ramos de Sousa 257<br \/>\nSECRETARIO GERAL Jos\u00e9 Augusto Ribeiro Moura 1115<br \/>\nVOGAL Ant\u00f3nio Falcon Vargas 1662<br \/>\nVOGAL Antero Nobre Mendes 1440<br \/>\nVOGAL Jos\u00e9 Bento Martins Estrela 1243<br \/>\nVOGAL Ant\u00f3nio Sim\u00e3o Miranda Pinto 1172<br \/>\nVOGAL Carlos Andr\u00e9 Brito Parreira 1480<br \/>\nVOGAL Jo\u00e3o Manuel de Almeida Alves 1884<br \/>\nVOGAL Jos\u00e9 Ant\u00f3nio Canelas Farunga 900<br \/>\nVOGAL Jos\u00e9 Manuel Carvalho Lopes 323<br \/>\nVOGAL Jos\u00e9 Tom\u00e1s Valente Caeiro 1647 VOGAL Jos\u00e9 Luis Moura 1650<br \/>\nVOGAL Rui da Concei\u00e7\u00e3o Vieira 53<\/p>\n<h3><span style=\"font-family: Verdana; color: #000000; font-size: small;\">CONSELHO FISCAL<\/span><\/h3>\n<p>PRESIDENTE Vitor Manuel Rodrigues Cabral 356<br \/>\nSECRET\u00c1RIO L\u00eddio Manuel Sim\u00f5es Faquinha 328<br \/>\nRELACTOR Jos\u00e9 Dimas de Carvalho Soeiro 355<\/p>\n<p>&nbsp;<\/p>\n<hr \/>\n<h3><div class=\"mks_separator\" style=\"border-bottom: 2px solid;\"><\/div><\/h3>\n<p>&nbsp;<\/p>\n<div>\n<h3 id=\"box2\"><span style=\"color: #000000; font-family: Verdana;\">ORG\u00c3OS SOCIAIS &#8211; 2006<\/span><span style=\"text-decoration: underline;\"><span style=\"color: #000000; font-family: Verdana;\"><br \/>\n<\/span><\/span><\/h3>\n<\/div>\n<p><img loading=\"lazy\" decoding=\"async\" class=\"alignnone size-full wp-image-9289\" src=\"https:\/\/www.sfrua.pt\/wp-content\/uploads\/2024\/07\/emblema-sfrua-100x-transparente.png\" alt=\"\" width=\"100\" height=\"108\" \/><\/p>\n<h2><span style=\"color: #000000; font-family: Verdana; font-size: medium;\">MESA DA ASSEMBLEIA GERAL<\/span><\/h2>\n<p>PRESIDENTE Carlos de Almeida Ribeiro 347<br \/>\nVICE-PRESIDENTE Lu\u00eds Marques Gomes 329<br \/>\n1\u00ba SECRET\u00c1RIO Paulo Domingos Gon\u00e7alves Rodrigues 1406<br \/>\n2\u00ba SECRET\u00c1RIO Joaquim Fernando Bugio Angelino 231<\/p>\n<p><strong>\u00a0<span style=\"color: #000000; font-family: Verdana; font-size: medium;\">DIREC\u00c7\u00c3O<\/span><\/strong><\/p>\n<p>PRESIDENTE C\u00e2ndido Hermenegildo C. Dias Pereira 552<br \/>\nVICE-PRESIDENTE Jos\u00e9 Ant\u00f3nio Caeiro Ferreira 737<br \/>\nTESOUREIRO Vladimiro Manuel Ramos de Sousa 257<br \/>\nSECRETARIO GERAL Jos\u00e9 Augusto Ribeiro Moura 1115<br \/>\nVOGAL Ant\u00f3nio Falcon Vargas 1662<br \/>\nVOGAL Antero Nobre Mendes 1440<br \/>\nVOGAL Jos\u00e9 Bento Martins Estrela 1243<br \/>\nVOGAL Ant\u00f3nio Sim\u00e3o Miranda Pinto 1172<br \/>\nVOGAL Carlos Andr\u00e9 Brito Parreira 1480<br \/>\nVOGAL Jo\u00e3o Manuel de Almeida Alves 1884<br \/>\nVOGAL Jos\u00e9 Ant\u00f3nio Canelas Farunga 900<br \/>\nVOGAL Jos\u00e9 Manuel Carvalho Lopes 323<br \/>\nVOGAL Jos\u00e9 Tom\u00e1s Valente Caeiro 1647<br \/>\nVOGAL Jos\u00e9 Luis Moura 1650<br \/>\nVOGAL Rui da Concei\u00e7\u00e3o Vieira 53<\/p>\n<p>&nbsp;<\/p>\n<h2><span style=\"color: #000000; font-family: Verdana; font-size: medium;\">CONSELHO FISCAL<\/span><\/h2>\n<p>PRESIDENTE Vitor Manuel Rodrigues Cabral 356<br \/>\nSECRET\u00c1RIO L\u00eddio Manuel Sim\u00f5es Faquinha 328<br \/>\nRELACTOR Jos\u00e9 Dimas de Carvalho Soeiro 355<\/p>\n","protected":false},"excerpt":{"rendered":"<p>\u00d3RG\u00c3OS SOCIAIS 2025-2027 MESA DA ASSEMBLEIA GERAL PRESIDENTE Fernando Ferreira Dinis 491 VICE-PRESIDENTE Jos\u00e9 Bento Martins Estrela 658 1\u00ba SECRET\u00c1RIO Rui Pedro Cardoso Vieira 729 2\u00ba SECRET\u00c1RIO Lu\u00eds Manuel Guerreiro Nobre 442 DIRE\u00c7\u00c3O PRESIDENTE Maria Soledade Oliveira M. S. Faquinha 726 VICE-PRESIDENTE Dina Isabel Rosado Louren\u00e7o 923 VICE-PRESIDENTE Fernando Marques Machado 819 TESOUREIRO Jos\u00e9 da [&hellip;]<\/p>\n","protected":false},"author":1,"featured_media":0,"parent":0,"menu_order":0,"comment_status":"open","ping_status":"open","template":"","meta":{"footnotes":""},"class_list":["post-70","page","type-page","status-publish","hentry"],"_links":{"self":[{"href":"https:\/\/www.sfrua.pt\/index.php?rest_route=\/wp\/v2\/pages\/70","targetHints":{"allow":["GET"]}}],"collection":[{"href":"https:\/\/www.sfrua.pt\/index.php?rest_route=\/wp\/v2\/pages"}],"about":[{"href":"https:\/\/www.sfrua.pt\/index.php?rest_route=\/wp\/v2\/types\/page"}],"author":[{"embeddable":true,"href":"https:\/\/www.sfrua.pt\/index.php?rest_route=\/wp\/v2\/users\/1"}],"replies":[{"embeddable":true,"href":"https:\/\/www.sfrua.pt\/index.php?rest_route=%2Fwp%2Fv2%2Fcomments&post=70"}],"version-history":[{"count":0,"href":"https:\/\/www.sfrua.pt\/index.php?rest_route=\/wp\/v2\/pages\/70\/revisions"}],"wp:attachment":[{"href":"https:\/\/www.sfrua.pt\/index.php?rest_route=%2Fwp%2Fv2%2Fmedia&parent=70"}],"curies":[{"name":"wp","href":"https:\/\/api.w.org\/{rel}","templated":true}]}}