{"id":72,"date":"2014-09-07T11:32:13","date_gmt":"2014-09-07T10:32:13","guid":{"rendered":"http:\/\/www.alhosvedros.net\/sfrua\/?page_id=9"},"modified":"2025-08-30T11:05:24","modified_gmt":"2025-08-30T11:05:24","slug":"contactos","status":"publish","type":"page","link":"https:\/\/www.sfrua.pt\/?page_id=72","title":{"rendered":"\u25ba Informa\u00e7\u00e3o e Contactos"},"content":{"rendered":"<h4><img loading=\"lazy\" decoding=\"async\" class=\"size-full wp-image-10015 aligncenter\" src=\"https:\/\/www.sfrua.pt\/wp-content\/uploads\/2025\/06\/emblema-sfrua-300x-transparente.png\" alt=\"\" width=\"300\" height=\"323\" \/><\/h4>\n<h4>SOCIEDADE FILARM\u00d3NICA RECREIO E UNI\u00c3O ALHOSVEDRENSE<br \/>\nSFRUA &#8220;A Velhinha&#8221;<\/h4>\n<h4><\/h4>\n<h4><div class=\"mks_separator\" style=\"border-bottom: 2px double;\"><\/div><\/h4>\n<h4><\/h4>\n<div class=\"mks_separator\" style=\"border-bottom: 2px solid;\"><\/div>\n<p><strong><em>Morada:<\/em><\/strong><br \/>\nPra\u00e7a da Rep\u00fablica, 4<br \/>\n2860-030 Alhos Vedros<\/p>\n<p><strong><em>Dire\u00e7\u00e3o:<\/em><\/strong><br \/>\nTelefone fixo:\u00a0212 040 067<br \/>\nTelem\u00f3vel:\u00a0930 559 894<br \/>\nE-mail:\u00a0<a href=\"mailto:sfrua.velhinha@gmail.com\">sfrua.velhinha@gmail.com<\/a><\/p>\n<p><em><strong>Comiss\u00e3o de Carnaval:<\/strong><\/em><br \/>\nE-mail:\u00a0<a href=\"mailto:comissaocarnaval.sfrua@gmail.com\">comissaocarnaval.sfrua@gmail.com<\/a><\/p>\n<p><em><strong>Sec\u00e7\u00e3o de Gin\u00e1stica:<\/strong><\/em><br \/>\nE-mail:\u00a0<a href=\"mailto:sfrua.secginastica@gmail.com\">sfrua.secginastica@gmail.com <\/a><\/p>\n<p><em><strong>Sec\u00e7\u00e3o de Judo:<\/strong><\/em><br \/>\nE-mail: <a href=\"mailto:judo.sfrua@gmail.com\"><span class=\"x193iq5w xeuugli x13faqbe x1vvkbs x1xmvt09 x1lliihq x1s928wv xhkezso x1gmr53x x1cpjm7i x1fgarty x1943h6x xudqn12 x3x7a5m x6prxxf xvq8zen xo1l8bm xzsf02u x1yc453h\" dir=\"auto\">judo.sfrua@gmail.com<\/span><\/a><\/p>\n<p><em><strong>Sec\u00e7\u00e3o de Patinagem:<\/strong><\/em><br \/>\nE-mail: <a href=\"mailto:patinagem.sfrua@gmail.com\"><span class=\"x193iq5w xeuugli x13faqbe x1vvkbs x1xmvt09 x1lliihq x1s928wv xhkezso x1gmr53x x1cpjm7i x1fgarty x1943h6x xudqn12 x3x7a5m x6prxxf xvq8zen xo1l8bm xzsf02u x1yc453h\" dir=\"auto\">patinagem.sfrua@gmail.com<\/span><\/a><\/p>\n<div class=\"mks_separator\" style=\"border-bottom: 2px solid;\"><\/div>\n<p><strong><em>Internet:<\/em><\/strong><br \/>\n<span style=\"color: #000000;\">Site oficial:\u00a0<a href=\"http:\/\/sfrua.pt\">www.sfrua.pt<br \/>\n<\/a><\/span>Redes Sociais<br \/>\nFacebook:\u00a0<a href=\"http:\/\/www.facebook.com\/sfrua\" target=\"_blank\" rel=\"noopener\">www.facebook.com\/sfrua<br \/>\n<\/a>Instagram: <a href=\"https:\/\/www.instagram.com\/sfrua\/\" target=\"_blank\" rel=\"noopener\">www.instagram.com\/sfrua\/<\/a><br \/>\nX: <a href=\"http:\/\/twitter.com\/sfrua\" target=\"_blank\" rel=\"noopener\">http:\/\/x.com\/sfrua<\/a><br \/>\nYoutube:\u00a0<a href=\"http:\/\/www.youtube.com\/user\/SFRUA\" target=\"_blank\" rel=\"noopener\">www.youtube.com\/user\/SFRUA<\/a><\/p>\n<p><span style=\"color: #000000;\">Para envio de fotos, v\u00eddeos, etc&#8230; ou outros assuntos relacionados com o site e redes sociais, dever\u00e1 contactar-nos atrav\u00e9s do E<\/span><span style=\"color: #000000;\">-mail:\u00a0<a href=\"mailto:sfrua.web@gmail.com\">sfrua.web@gmail.com<\/a><\/span><\/p>\n<div class=\"mks_separator\" style=\"border-bottom: 2px solid;\"><\/div>\n<h3><strong>\u00a0<\/strong><strong><span style=\"font-family: Verdana; font-size: x-small;\"><a href=\"http:\/\/maps.google.pt\/maps?f=q&amp;source=s_q&amp;hl=pt-PT&amp;geocode=&amp;q=alhos+vedros&amp;sll=39.639538,-7.849731&amp;sspn=8.863577,28.125&amp;ie=UTF8&amp;t=h&amp;layer=c&amp;cbll=38.655664,-9.028645&amp;panoid=BHZjHkKnvzvESuSO6KFDog&amp;cbp=12,317.56,,0,-14.58&amp;ll=38.655664,-9.028645&amp;spn=0.000549,0\" target=\"_blank\" rel=\"noopener\">Localiza\u00e7\u00e3o da SFRUA no Google View<\/a> (Vista 1)<br \/>\n<a href=\"http:\/\/maps.google.pt\/maps?f=q&amp;source=s_q&amp;hl=pt-PT&amp;geocode=&amp;q=alhos+vedros&amp;sll=39.639538,-7.849731&amp;sspn=8.863577,28.125&amp;ie=UTF8&amp;t=h&amp;layer=c&amp;cbll=38.655664,-9.028645&amp;panoid=BHZjHkKnvzvESuSO6KFDog&amp;cbp=12,317.56,,0,-14.58&amp;ll=38.655664,-9.028645&amp;spn=0.000549,0\" target=\"_blank\" rel=\"noopener\"><img loading=\"lazy\" decoding=\"async\" class=\"alignnone wp-image-3921 size-full\" src=\"http:\/\/sfrua.pt\/wp-content\/uploads\/2014\/09\/google-maps-360x.jpg\" alt=\"google maps - 360x\" width=\"360\" height=\"179\" \/><\/a><br \/>\n<\/span><\/strong><\/h3>\n<h3><strong><span style=\"font-family: Verdana; font-size: x-small;\"> <a href=\"http:\/\/maps.google.pt\/maps?f=q&amp;source=s_q&amp;hl=pt-PT&amp;geocode=&amp;q=alhos+vedros&amp;sll=39.639538,-7.849731&amp;sspn=8.863577,28.125&amp;ie=UTF8&amp;t=h&amp;layer=c&amp;cbll=38.655491,-9.028469&amp;panoid=EavN-67TyPxV4bKZVcFm4w&amp;cbp=12,329.69,,0,8.87&amp;ll=38.655409,-9.028459&amp;spn=0.000549,0.0\" target=\"_blank\" rel=\"noopener\">Localiza\u00e7\u00e3o da SFRUA no Google View<\/a> (Vista 2)<\/span><\/strong><\/h3>\n<h3><strong><a style=\"color: #000000;\" href=\"http:\/\/maps.google.pt\/maps?f=q&amp;source=s_q&amp;hl=pt-PT&amp;geocode=&amp;q=alhos+vedros&amp;sll=39.639538,-7.849731&amp;sspn=8.863577,28.125&amp;ie=UTF8&amp;t=h&amp;layer=c&amp;cbll=38.655491,-9.028469&amp;panoid=EavN-67TyPxV4bKZVcFm4w&amp;cbp=12,329.69,,0,8.87&amp;ll=38.655409,-9.028459&amp;spn=0.000549,0.0\" target=\"_blank\" rel=\"noopener\"><img loading=\"lazy\" decoding=\"async\" class=\"alignnone wp-image-3921 size-full\" src=\"http:\/\/sfrua.pt\/wp-content\/uploads\/2014\/09\/google-maps-360x.jpg\" alt=\"google maps - 360x\" width=\"360\" height=\"179\" \/><\/a><\/strong><\/h3>\n<h3>\u00a0<a style=\"color: #0000ff; text-align: left;\" href=\"http:\/\/maps.google.pt\/maps?f=q&amp;source=embed&amp;hl=pt-pt&amp;geocode=&amp;q=Alhos+Vedros,+Moita&amp;aq=0&amp;sll=39.639538,-7.849731&amp;sspn=8.660718,19.753418&amp;ie=UTF8&amp;hq=&amp;hnear=Alhos+Vedros,+Moita,+Set%C3%BAbal&amp;z=12&amp;ll=38.655855,-9.022219\" target=\"_blank\" rel=\"noopener\">Ver mapa\u00a0<\/a><\/h3>\n<p><a href=\"http:\/\/maps.google.pt\/maps?f=q&amp;source=embed&amp;hl=pt-pt&amp;geocode=&amp;q=Alhos+Vedros,+Moita&amp;aq=0&amp;sll=39.639538,-7.849731&amp;sspn=8.660718,19.753418&amp;ie=UTF8&amp;hq=&amp;hnear=Alhos+Vedros,+Moita,+Set%C3%BAbal&amp;z=12&amp;ll=38.655855,-9.022219\" target=\"_blank\" rel=\"noopener\"><img loading=\"lazy\" decoding=\"async\" class=\"alignnone wp-image-3922 size-full\" src=\"http:\/\/sfrua.pt\/wp-content\/uploads\/2014\/09\/maps_360.jpg\" alt=\"maps_360\" width=\"360\" height=\"206\" \/><\/a><\/p>\n","protected":false},"excerpt":{"rendered":"<p>SOCIEDADE FILARM\u00d3NICA RECREIO E UNI\u00c3O ALHOSVEDRENSE SFRUA &#8220;A Velhinha&#8221; Morada: Pra\u00e7a da Rep\u00fablica, 4 2860-030 Alhos Vedros Dire\u00e7\u00e3o: Telefone fixo:\u00a0212 040 067 Telem\u00f3vel:\u00a0930 559 894 E-mail:\u00a0sfrua.velhinha@gmail.com Comiss\u00e3o de Carnaval: E-mail:\u00a0comissaocarnaval.sfrua@gmail.com Sec\u00e7\u00e3o de Gin\u00e1stica: E-mail:\u00a0sfrua.secginastica@gmail.com Sec\u00e7\u00e3o de Judo: E-mail: judo.sfrua@gmail.com Sec\u00e7\u00e3o de Patinagem: E-mail: patinagem.sfrua@gmail.com Internet: Site oficial:\u00a0www.sfrua.pt Redes Sociais Facebook:\u00a0www.facebook.com\/sfrua Instagram: www.instagram.com\/sfrua\/ X: http:\/\/x.com\/sfrua Youtube:\u00a0www.youtube.com\/user\/SFRUA [&hellip;]<\/p>\n","protected":false},"author":1,"featured_media":3921,"parent":0,"menu_order":0,"comment_status":"open","ping_status":"open","template":"","meta":{"footnotes":""},"class_list":["post-72","page","type-page","status-publish","has-post-thumbnail","hentry"],"_links":{"self":[{"href":"https:\/\/www.sfrua.pt\/index.php?rest_route=\/wp\/v2\/pages\/72","targetHints":{"allow":["GET"]}}],"collection":[{"href":"https:\/\/www.sfrua.pt\/index.php?rest_route=\/wp\/v2\/pages"}],"about":[{"href":"https:\/\/www.sfrua.pt\/index.php?rest_route=\/wp\/v2\/types\/page"}],"author":[{"embeddable":true,"href":"https:\/\/www.sfrua.pt\/index.php?rest_route=\/wp\/v2\/users\/1"}],"replies":[{"embeddable":true,"href":"https:\/\/www.sfrua.pt\/index.php?rest_route=%2Fwp%2Fv2%2Fcomments&post=72"}],"version-history":[{"count":0,"href":"https:\/\/www.sfrua.pt\/index.php?rest_route=\/wp\/v2\/pages\/72\/revisions"}],"wp:featuredmedia":[{"embeddable":true,"href":"https:\/\/www.sfrua.pt\/index.php?rest_route=\/"}],"wp:attachment":[{"href":"https:\/\/www.sfrua.pt\/index.php?rest_route=%2Fwp%2Fv2%2Fmedia&parent=72"}],"curies":[{"name":"wp","href":"https:\/\/api.w.org\/{rel}","templated":true}]}}